{"id":1471,"date":"2024-10-07T12:04:16","date_gmt":"2024-10-07T10:04:16","guid":{"rendered":"https:\/\/arquitectospain.com\/?page_id=1471"},"modified":"2024-10-16T20:22:37","modified_gmt":"2024-10-16T18:22:37","slug":"descargas","status":"publish","type":"page","link":"https:\/\/arquitectospain.com\/index.php\/descargas\/","title":{"rendered":"Descargas"},"content":{"rendered":"<p>[et_pb_section fb_built=\u00bb1&#8243; _builder_version=\u00bb4.27.0&#8243; _module_preset=\u00bbdefault\u00bb custom_padding=\u00bb16px|||||\u00bb global_colors_info=\u00bb{}\u00bb][et_pb_row _builder_version=\u00bb4.27.0&#8243; _module_preset=\u00bbdefault\u00bb global_colors_info=\u00bb{}\u00bb][et_pb_column type=\u00bb4_4&#8243; _builder_version=\u00bb4.27.0&#8243; _module_preset=\u00bbdefault\u00bb global_colors_info=\u00bb{}\u00bb][et_pb_heading title=\u00bbListado documentos para su descarga\u00bb _builder_version=\u00bb4.27.0&#8243; _module_preset=\u00bbdefault\u00bb border_width_bottom=\u00bb1px\u00bb global_colors_info=\u00bb{}\u00bb][\/et_pb_heading][\/et_pb_column][\/et_pb_row][et_pb_row _builder_version=\u00bb4.27.0&#8243; _module_preset=\u00bbdefault\u00bb global_colors_info=\u00bb{}\u00bb][et_pb_column type=\u00bb4_4&#8243; _builder_version=\u00bb4.27.0&#8243; _module_preset=\u00bbdefault\u00bb global_colors_info=\u00bb{}\u00bb][et_pb_text _builder_version=\u00bb4.27.0&#8243; _module_preset=\u00bbdefault\u00bb global_colors_info=\u00bb{}\u00bb]<\/p>\n<p><a href=\"https:\/\/arquitectospain.com\/wp-content\/uploads\/2024\/10\/DOC-N-11-LICENSE-PARCHMENT-ENGLISH.jpg\" target=\"_blank\" rel=\"noopener\">N-11 LICENSE PARCHMENT ENGLISH<\/a><\/p>\n<p><a href=\"https:\/\/arquitectospain.com\/wp-content\/uploads\/2024\/10\/DOC-N-11-LICENSE-PARCHMENT-SPANISH.jpg\" target=\"_blank\" rel=\"noopener\">N-11 LICENSE PARCHMENT SPANISH<\/a><\/p>\n<p><a href=\"https:\/\/arquitectospain.com\/wp-content\/uploads\/2024\/10\/DOC-N-12-REGISTRATION-CERTIFICATE-2-ENGLISH.jpg\" target=\"_blank\" rel=\"noopener\">N-12 REGISTRATION CERTIFICATE 2 ENGLISH<\/a><\/p>\n<p><a href=\"https:\/\/arquitectospain.com\/wp-content\/uploads\/2024\/10\/DOC-N-12-REGISTRATION-CERTIFICATE-2-SPANISH.jpg\" target=\"_blank\" rel=\"noopener\">N-12 REGISTRATION CERTIFICATE 2 SPANISH<\/a><\/p>\n<p><a href=\"https:\/\/arquitectospain.com\/wp-content\/uploads\/2024\/10\/DOC-N-12-REGISTRATION-CERTIFICATE-ENGLISH-scaled.jpg\" target=\"_blank\" rel=\"noopener\">N-12 REGISTRATION CERTIFICATE ENGLISH<\/a><\/p>\n<p><a href=\"https:\/\/arquitectospain.com\/wp-content\/uploads\/2024\/10\/DOC-N-12-REGISTRATION-CERTIFICATE-SPANISH.jpg\" target=\"_blank\" rel=\"noopener\">N-12 REGISTRATION CERTIFICATE SPANISH<\/a><\/p>\n<p><a href=\"https:\/\/arquitectospain.com\/wp-content\/uploads\/2024\/10\/DOC-N-13-AIA-ENGLISH-scaled.jpg\" target=\"_blank\" rel=\"noopener\">N-13 AIA ENGLISH<\/a><\/p>\n<p><a href=\"https:\/\/arquitectospain.com\/wp-content\/uploads\/2024\/10\/DOC-N-13-AIA-SPANISH-scaled.jpg\" target=\"_blank\" rel=\"noopener\">N-13 AIA SPANISH<\/a><\/p>\n<p><a href=\"https:\/\/arquitectospain.com\/wp-content\/uploads\/2024\/10\/DOC-N-14-NCARB-IDP-ENGLISH-scaled.jpg\" target=\"_blank\" rel=\"noopener\">N-14 NCARB IDP ENGLISH<\/a><\/p>\n<p><a href=\"https:\/\/arquitectospain.com\/wp-content\/uploads\/2024\/10\/DOC-N-15-NCARB-DIPLOMA-ENGLISH-scaled.jpg\" target=\"_blank\" rel=\"noopener\">N-15 NCARB DIPLOMA ENGLISH<\/a><\/p>\n<p><a href=\"https:\/\/arquitectospain.com\/wp-content\/uploads\/2024\/10\/DOC-N-22-MRIAI-DIPLOMA-ENGLISH-scaled.jpg\" target=\"_blank\" rel=\"noopener\">N-22 MRIAI DIPLOMA ENGLISH<\/a><\/p>\n<p><a href=\"https:\/\/arquitectospain.com\/wp-content\/uploads\/2024\/10\/DOC-N-22-MRIAI-DIPLOMA-SPANISH-1.jpg\" target=\"_blank\" rel=\"noopener\">N-22 MRIAI DIPLOMA SPANISH 1<\/a><\/p>\n<p><a href=\"https:\/\/arquitectospain.com\/wp-content\/uploads\/2024\/10\/DOC-N-22-MRIAI-DIPLOMA-SPANISH-2.jpg\" target=\"_blank\" rel=\"noopener\">N-22 MRIAI DIPLOMA SPANISH 2<\/a><\/p>\n<p><a href=\"https:\/\/arquitectospain.com\/wp-content\/uploads\/2024\/10\/DOC-N-22-MRIAI-LETTER-ENGLISH-scaled.jpg\" target=\"_blank\" rel=\"noopener\">N-22 MRIAI LETTER ENGLISH<\/a><\/p>\n<p><a href=\"https:\/\/arquitectospain.com\/wp-content\/uploads\/2024\/10\/DOC-N-28-UK-RIBA-ENGLISH.jpg\" target=\"_blank\" rel=\"noopener\">N-28 UK RIBA ENGLISH<\/a><\/p>\n<p><a href=\"https:\/\/arquitectospain.com\/wp-content\/uploads\/2024\/10\/DOC-N-28-UK-RIBA-ENGLISH1-scaled.jpg\" target=\"_blank\" rel=\"noopener\">N-28 UK RIBA ENGLISH1<\/a><\/p>\n<p><a href=\"https:\/\/arquitectospain.com\/wp-content\/uploads\/2024\/10\/DOC-N-28-UK-RIBA-SPANISH.jpg\" target=\"_blank\" rel=\"noopener\">N-28 UK RIBA SPANISH<\/a><\/p>\n<p>[\/et_pb_text][\/et_pb_column][\/et_pb_row][\/et_pb_section][et_pb_section fb_built=\u00bb1&#8243; admin_label=\u00bbFooter\u00bb _builder_version=\u00bb4.21.0&#8243; _module_preset=\u00bbdefault\u00bb background_color=\u00bb#000000&#8243; custom_padding=\u00bb14px||5px|||\u00bb global_module=\u00bb270&#8243; saved_tabs=\u00bball\u00bb collapsed=\u00bbon\u00bb global_colors_info=\u00bb{}\u00bb][et_pb_row column_structure=\u00bb3_5,1_5,1_5&#8243; _builder_version=\u00bb4.19.1&#8243; _module_preset=\u00bbdefault\u00bb custom_padding=\u00bb||7px|||\u00bb global_colors_info=\u00bb{}\u00bb][et_pb_column type=\u00bb3_5&#8243; _builder_version=\u00bb4.19.1&#8243; _module_preset=\u00bbdefault\u00bb global_colors_info=\u00bb{}\u00bb][et_pb_text _builder_version=\u00bb4.25.2&#8243; _module_preset=\u00bbee4c6435-13af-4488-b765-2d22df63b134&#8243; header_3_font=\u00bb|300|||||||\u00bb header_3_text_color=\u00bb#FFFFFF\u00bb custom_margin=\u00bb||0px||false|false\u00bb global_colors_info=\u00bb{}\u00bb]<\/p>\n<h3>Arquitecto Spain<\/h3>\n<p>[\/et_pb_text][et_pb_text _builder_version=\u00bb4.25.2&#8243; _module_preset=\u00bb9351de7a-51eb-4b00-a9a5-75b91fe38c73&#8243; text_font=\u00bb|300|||||||\u00bb text_text_color=\u00bb#FFFFFF\u00bb header_font=\u00bb|300|||||||\u00bb global_colors_info=\u00bb{}\u00bb]<\/p>\n<p><span>Ofrecemos servicios completos de dise\u00f1o arquitect\u00f3nico y gesti\u00f3n de proyectos desde el concepto inicial hasta la finalizaci\u00f3n de la construcci\u00f3n.\u00a0<\/span><\/p>\n<p>[\/et_pb_text][\/et_pb_column][et_pb_column type=\u00bb1_5&#8243; _builder_version=\u00bb4.19.1&#8243; _module_preset=\u00bbdefault\u00bb global_colors_info=\u00bb{}\u00bb][et_pb_blurb title=\u00bbinfo@salgadoarchitect.com\u00bb use_icon=\u00bbon\u00bb font_icon=\u00bb&#xe076;||divi||400&#8243; icon_color=\u00bb#FFFFFF\u00bb icon_placement=\u00bbleft\u00bb image_icon_width=\u00bb20px\u00bb _builder_version=\u00bb4.25.2&#8243; _module_preset=\u00bbdefault\u00bb header_font=\u00bb|300|||||||\u00bb header_text_color=\u00bb#FFFFFF\u00bb header_font_size=\u00bb15px\u00bb custom_margin=\u00bb14px||12px|-14px||\u00bb custom_margin_tablet=\u00bb\u00bb custom_margin_phone=\u00bb10px||10px|3px|false|false\u00bb custom_margin_last_edited=\u00bbon|phone\u00bb global_colors_info=\u00bb{}\u00bb][\/et_pb_blurb][et_pb_blurb title=\u00bb620 070 182&#8243; use_icon=\u00bbon\u00bb font_icon=\u00bb&#xe090;||divi||400&#8243; icon_color=\u00bb#FFFFFF\u00bb icon_placement=\u00bbleft\u00bb image_icon_width=\u00bb20px\u00bb _builder_version=\u00bb4.25.2&#8243; _module_preset=\u00bbdefault\u00bb header_font=\u00bb|300|||||||\u00bb header_text_color=\u00bb#FFFFFF\u00bb header_font_size=\u00bb16px\u00bb custom_margin=\u00bb|||0px|false|false\u00bb global_colors_info=\u00bb{}\u00bb][\/et_pb_blurb][\/et_pb_column][et_pb_column type=\u00bb1_5&#8243; _builder_version=\u00bb4.19.1&#8243; _module_preset=\u00bbdefault\u00bb global_colors_info=\u00bb{}\u00bb][et_pb_image src=\u00bbhttps:\/\/arquitectospain.com\/wp-content\/uploads\/2024\/02\/ES-Financiado-por-la-Uni\u0e02n-Europea_WHITE-Outline.png\u00bb title_text=\u00bbES Financiado por la Uni\u0e02n Europea_WHITE Outline\u00bb force_fullwidth=\u00bbon\u00bb _builder_version=\u00bb4.25.2&#8243; _module_preset=\u00bbdefault\u00bb custom_margin=\u00bb||20px|||\u00bb global_colors_info=\u00bb{}\u00bb][\/et_pb_image][et_pb_image src=\u00bbhttps:\/\/arquitectospain.com\/wp-content\/uploads\/2024\/02\/LOGO-NEGATIVO.png\u00bb title_text=\u00bbLOGO NEGATIVO\u00bb force_fullwidth=\u00bbon\u00bb _builder_version=\u00bb4.25.2&#8243; _module_preset=\u00bbdefault\u00bb global_colors_info=\u00bb{}\u00bb][\/et_pb_image][\/et_pb_column][\/et_pb_row][\/et_pb_section]<\/p>\n","protected":false},"excerpt":{"rendered":"<p>N-11 LICENSE PARCHMENT ENGLISH N-11 LICENSE PARCHMENT SPANISH N-12 REGISTRATION CERTIFICATE 2 ENGLISH N-12 REGISTRATION CERTIFICATE 2 SPANISH N-12 REGISTRATION CERTIFICATE ENGLISH N-12 REGISTRATION CERTIFICATE SPANISH N-13 AIA ENGLISH N-13 AIA SPANISH N-14 NCARB IDP ENGLISH N-15 NCARB DIPLOMA ENGLISH N-22 MRIAI DIPLOMA ENGLISH N-22 MRIAI DIPLOMA SPANISH 1 N-22 MRIAI DIPLOMA SPANISH 2 N-22 [&hellip;]<\/p>\n","protected":false},"author":1,"featured_media":0,"parent":0,"menu_order":0,"comment_status":"closed","ping_status":"closed","template":"","meta":{"_et_pb_use_builder":"on","_et_pb_old_content":"","_et_gb_content_width":"","footnotes":""},"class_list":["post-1471","page","type-page","status-publish","hentry"],"yoast_head":"<!-- This site is optimized with the Yoast SEO plugin v27.4 - https:\/\/yoast.com\/product\/yoast-seo-wordpress\/ -->\n<title>Descargas - Arquitecto Spain<\/title>\n<meta name=\"robots\" content=\"index, follow, max-snippet:-1, max-image-preview:large, max-video-preview:-1\" \/>\n<link rel=\"canonical\" href=\"https:\/\/arquitectospain.com\/index.php\/descargas\/\" \/>\n<meta property=\"og:locale\" content=\"es_ES\" \/>\n<meta property=\"og:type\" content=\"article\" \/>\n<meta property=\"og:title\" content=\"Descargas - Arquitecto Spain\" \/>\n<meta property=\"og:description\" content=\"N-11 LICENSE PARCHMENT ENGLISH N-11 LICENSE PARCHMENT SPANISH N-12 REGISTRATION CERTIFICATE 2 ENGLISH N-12 REGISTRATION CERTIFICATE 2 SPANISH N-12 REGISTRATION CERTIFICATE ENGLISH N-12 REGISTRATION CERTIFICATE SPANISH N-13 AIA ENGLISH N-13 AIA SPANISH N-14 NCARB IDP ENGLISH N-15 NCARB DIPLOMA ENGLISH N-22 MRIAI DIPLOMA ENGLISH N-22 MRIAI DIPLOMA SPANISH 1 N-22 MRIAI DIPLOMA SPANISH 2 N-22 [&hellip;]\" \/>\n<meta property=\"og:url\" content=\"https:\/\/arquitectospain.com\/index.php\/descargas\/\" \/>\n<meta property=\"og:site_name\" content=\"Arquitecto Spain\" \/>\n<meta property=\"article:modified_time\" content=\"2024-10-16T18:22:37+00:00\" \/>\n<meta name=\"twitter:card\" content=\"summary_large_image\" \/>\n<meta name=\"twitter:label1\" content=\"Tiempo de lectura\" \/>\n\t<meta name=\"twitter:data1\" content=\"3 minutos\" \/>\n<script type=\"application\/ld+json\" class=\"yoast-schema-graph\">{\"@context\":\"https:\\\/\\\/schema.org\",\"@graph\":[{\"@type\":\"WebPage\",\"@id\":\"https:\\\/\\\/arquitectospain.com\\\/index.php\\\/descargas\\\/\",\"url\":\"https:\\\/\\\/arquitectospain.com\\\/index.php\\\/descargas\\\/\",\"name\":\"Descargas - Arquitecto Spain\",\"isPartOf\":{\"@id\":\"https:\\\/\\\/arquitectospain.com\\\/#website\"},\"datePublished\":\"2024-10-07T10:04:16+00:00\",\"dateModified\":\"2024-10-16T18:22:37+00:00\",\"breadcrumb\":{\"@id\":\"https:\\\/\\\/arquitectospain.com\\\/index.php\\\/descargas\\\/#breadcrumb\"},\"inLanguage\":\"es\",\"potentialAction\":[{\"@type\":\"ReadAction\",\"target\":[\"https:\\\/\\\/arquitectospain.com\\\/index.php\\\/descargas\\\/\"]}]},{\"@type\":\"BreadcrumbList\",\"@id\":\"https:\\\/\\\/arquitectospain.com\\\/index.php\\\/descargas\\\/#breadcrumb\",\"itemListElement\":[{\"@type\":\"ListItem\",\"position\":1,\"name\":\"Portada\",\"item\":\"https:\\\/\\\/arquitectospain.com\\\/\"},{\"@type\":\"ListItem\",\"position\":2,\"name\":\"Descargas\"}]},{\"@type\":\"WebSite\",\"@id\":\"https:\\\/\\\/arquitectospain.com\\\/#website\",\"url\":\"https:\\\/\\\/arquitectospain.com\\\/\",\"name\":\"Arquitecto Spain\",\"description\":\"Arquitecto Ra\u00fal G. Salgado\",\"potentialAction\":[{\"@type\":\"SearchAction\",\"target\":{\"@type\":\"EntryPoint\",\"urlTemplate\":\"https:\\\/\\\/arquitectospain.com\\\/?s={search_term_string}\"},\"query-input\":{\"@type\":\"PropertyValueSpecification\",\"valueRequired\":true,\"valueName\":\"search_term_string\"}}],\"inLanguage\":\"es\"}]}<\/script>\n<!-- \/ Yoast SEO plugin. -->","yoast_head_json":{"title":"Descargas - Arquitecto Spain","robots":{"index":"index","follow":"follow","max-snippet":"max-snippet:-1","max-image-preview":"max-image-preview:large","max-video-preview":"max-video-preview:-1"},"canonical":"https:\/\/arquitectospain.com\/index.php\/descargas\/","og_locale":"es_ES","og_type":"article","og_title":"Descargas - Arquitecto Spain","og_description":"N-11 LICENSE PARCHMENT ENGLISH N-11 LICENSE PARCHMENT SPANISH N-12 REGISTRATION CERTIFICATE 2 ENGLISH N-12 REGISTRATION CERTIFICATE 2 SPANISH N-12 REGISTRATION CERTIFICATE ENGLISH N-12 REGISTRATION CERTIFICATE SPANISH N-13 AIA ENGLISH N-13 AIA SPANISH N-14 NCARB IDP ENGLISH N-15 NCARB DIPLOMA ENGLISH N-22 MRIAI DIPLOMA ENGLISH N-22 MRIAI DIPLOMA SPANISH 1 N-22 MRIAI DIPLOMA SPANISH 2 N-22 [&hellip;]","og_url":"https:\/\/arquitectospain.com\/index.php\/descargas\/","og_site_name":"Arquitecto Spain","article_modified_time":"2024-10-16T18:22:37+00:00","twitter_card":"summary_large_image","twitter_misc":{"Tiempo de lectura":"3 minutos"},"schema":{"@context":"https:\/\/schema.org","@graph":[{"@type":"WebPage","@id":"https:\/\/arquitectospain.com\/index.php\/descargas\/","url":"https:\/\/arquitectospain.com\/index.php\/descargas\/","name":"Descargas - Arquitecto Spain","isPartOf":{"@id":"https:\/\/arquitectospain.com\/#website"},"datePublished":"2024-10-07T10:04:16+00:00","dateModified":"2024-10-16T18:22:37+00:00","breadcrumb":{"@id":"https:\/\/arquitectospain.com\/index.php\/descargas\/#breadcrumb"},"inLanguage":"es","potentialAction":[{"@type":"ReadAction","target":["https:\/\/arquitectospain.com\/index.php\/descargas\/"]}]},{"@type":"BreadcrumbList","@id":"https:\/\/arquitectospain.com\/index.php\/descargas\/#breadcrumb","itemListElement":[{"@type":"ListItem","position":1,"name":"Portada","item":"https:\/\/arquitectospain.com\/"},{"@type":"ListItem","position":2,"name":"Descargas"}]},{"@type":"WebSite","@id":"https:\/\/arquitectospain.com\/#website","url":"https:\/\/arquitectospain.com\/","name":"Arquitecto Spain","description":"Arquitecto Ra\u00fal G. Salgado","potentialAction":[{"@type":"SearchAction","target":{"@type":"EntryPoint","urlTemplate":"https:\/\/arquitectospain.com\/?s={search_term_string}"},"query-input":{"@type":"PropertyValueSpecification","valueRequired":true,"valueName":"search_term_string"}}],"inLanguage":"es"}]}},"_links":{"self":[{"href":"https:\/\/arquitectospain.com\/index.php\/wp-json\/wp\/v2\/pages\/1471","targetHints":{"allow":["GET"]}}],"collection":[{"href":"https:\/\/arquitectospain.com\/index.php\/wp-json\/wp\/v2\/pages"}],"about":[{"href":"https:\/\/arquitectospain.com\/index.php\/wp-json\/wp\/v2\/types\/page"}],"author":[{"embeddable":true,"href":"https:\/\/arquitectospain.com\/index.php\/wp-json\/wp\/v2\/users\/1"}],"replies":[{"embeddable":true,"href":"https:\/\/arquitectospain.com\/index.php\/wp-json\/wp\/v2\/comments?post=1471"}],"version-history":[{"count":8,"href":"https:\/\/arquitectospain.com\/index.php\/wp-json\/wp\/v2\/pages\/1471\/revisions"}],"predecessor-version":[{"id":1759,"href":"https:\/\/arquitectospain.com\/index.php\/wp-json\/wp\/v2\/pages\/1471\/revisions\/1759"}],"wp:attachment":[{"href":"https:\/\/arquitectospain.com\/index.php\/wp-json\/wp\/v2\/media?parent=1471"}],"curies":[{"name":"wp","href":"https:\/\/api.w.org\/{rel}","templated":true}]}}