{"id":1509,"date":"2024-10-07T20:52:50","date_gmt":"2024-10-07T18:52:50","guid":{"rendered":"https:\/\/arquitectospain.com\/?page_id=1509"},"modified":"2025-05-13T14:05:45","modified_gmt":"2025-05-13T12:05:45","slug":"c-v-arquitecto-spain-raul-salgado","status":"publish","type":"page","link":"https:\/\/arquitectospain.com\/index.php\/c-v-arquitecto-spain-raul-salgado\/","title":{"rendered":"C.V. Arquitecto Spain Ra\u00fal Salgado"},"content":{"rendered":"\n[et_pb_section fb_built=\u00bb1&#8243; _builder_version=\u00bb4.27.0&#8243; _module_preset=\u00bbdefault\u00bb custom_padding=\u00bb35px||||false|false\u00bb global_colors_info=\u00bb{}\u00bb][et_pb_row _builder_version=\u00bb4.27.0&#8243; _module_preset=\u00bbdefault\u00bb global_colors_info=\u00bb{}\u00bb][et_pb_column type=\u00bb4_4&#8243; _builder_version=\u00bb4.27.0&#8243; _module_preset=\u00bbdefault\u00bb global_colors_info=\u00bb{}\u00bb][et_pb_accordion _builder_version=\u00bb4.27.2&#8243; _module_preset=\u00bbdefault\u00bb toggle_font_size=\u00bb25px\u00bb hover_enabled=\u00bb0&#8243; global_colors_info=\u00bb{}\u00bb sticky_enabled=\u00bb0&#8243;][et_pb_accordion_item title=\u00bbEDUCACI\u00d3N\u00bb open=\u00bbon\u00bb _builder_version=\u00bb4.27.0&#8243; _module_preset=\u00bbdefault\u00bb global_colors_info=\u00bb{}\u00bb]<p><span>Universidad de Columbia. Nueva York, NY (\u00a0<a href=\"https:\/\/www.salgadoarchitect.com\/previo\/wp-content\/uploads\/2023\/05\/DOC-N-05-TSCHUMI-ENGLISH.jpg\" target=\"_blank\" rel=\"noopener\">imagen 1<\/a>\u00a0,\u00a0<a href=\"https:\/\/www.salgadoarchitect.com\/previo\/wp-content\/uploads\/2023\/05\/DOC-N-05-COLUMBIA-DIPLOMA-ENGLISH.jpg\" target=\"_blank\" rel=\"noopener\">imagen 2<\/a>\u00a0)<\/span><br \/><span>Maestr\u00eda en Ciencias en Arquitectura y Dise\u00f1o Urbano. 1996<\/span><\/p>\n<p><span>Instituto Tecnol\u00f3gico de Nueva York. Old Westbury, NY<\/span><br \/><span>Licenciatura en Arquitectura. Cum Laude. 1994 (\u00a0<a href=\"https:\/\/www.salgadoarchitect.com\/previo\/wp-content\/uploads\/2023\/05\/DOC-N-06-NYIT-DIPLOMA-ENGLISH-1.jpg\" target=\"_blank\" rel=\"noopener\">imagen<\/a>\u00a0)<\/span><\/p>[\/et_pb_accordion_item][et_pb_accordion_item title=\u00bbEXPERIENCIA PROFESIONAL\u00bb _builder_version=\u00bb4.27.0&#8243; _module_preset=\u00bbdefault\u00bb global_colors_info=\u00bb{}\u00bb open=\u00bboff\u00bb]<p><span>Ra\u00fal Guti\u00e9rrez Salgado es arquitecto con posgrado en Arquitectura y Dise\u00f1o Urbano por\u00a0<a href=\"http:\/\/www.arch.columbia.edu\/\" target=\"_blank\" rel=\"noopener\">la Universidad de Columbia<\/a>\u00a0, en la ciudad de Nueva York. Cuenta con 25 a\u00f1os de experiencia internacional en Estados Unidos, Reino Unido, Irlanda, Espa\u00f1a, Polonia y la Federaci\u00f3n Rusa.<\/span><\/p>\n<p>&nbsp;<\/p>\n<p><span>Recientemente (2021) se completaron los servicios arquitect\u00f3nicos completos para la construcci\u00f3n de torres residenciales de 18 pisos en varias ciudades de la Federaci\u00f3n de Rusia. El resultado de un premio de 2019 en el Concurso Internacional Abierto para Dise\u00f1o de Distribuci\u00f3n Alternativa en Viviendas Tipo. Organizado por el Ministerio de Industria de la Construcci\u00f3n de Rusia, DOM.RF y Strelka KB.<\/span><\/p>\n<p>&nbsp;<\/p>\n<p><span>Ha recibido varios premios en otros concursos internacionales como el Kino 70 Kulturni Centrum en Nov\u00e9 M\u011bsto, Rep\u00fablica Checa, el Center Pier International Design Competition en el puerto de Galway, Irlanda o el Green 360 Lofts International Design Competition en Lima, Per\u00fa. Su trabajo ha sido publicado en varias revistas de arquitectura como Arquitectura Viva o Sintesis Arquitectura y ha sido expuesto ampliamente.<\/span><\/p>\n<p><span>Ha trabajado en estudios de renombre internacional como Rafael Vi\u00f1oly Architects y Voorsanguer Architects PC. En la ciudad de Nueva York. Ha dirigido equipos de arquitectos en proyectos de alta complejidad como la Renovaci\u00f3n y Ampliaci\u00f3n del Aeropuerto Internacional Newark Liberty.<\/span><\/p>\n<p><span>Tiene diez a\u00f1os de experiencia ense\u00f1ando talleres de dise\u00f1o arquitect\u00f3nico en\u00a0<a href=\"http:\/\/iris.nyit.edu\/architecture\/\" target=\"_blank\" rel=\"noopener\">el Instituto Tecnol\u00f3gico de Nueva York<\/a>\u00a0y\u00a0<a href=\"http:\/\/four.dublinschoolofarchitecture.com\/\" target=\"_blank\" rel=\"noopener\">el Instituto Tecnol\u00f3gico de Dubl\u00edn<\/a>\u00a0.<\/span><\/p>\n<p>&nbsp;<\/p>\n<p><span>Ra\u00fal tiene licencia para ejercer la arquitectura en Estados Unidos, Canad\u00e1,\u00a0<a href=\"http:\/\/www.riba.org\/\">Reino Unido<\/a>\u00a0y la UE.<\/span><\/p>\n<p>&nbsp;<\/p>\n<p><span>Las siguientes listas de proyectos fueron dise\u00f1ados como emprendimiento individual y como arquitecto de dise\u00f1o senior en colaboraci\u00f3n con otras pr\u00e1cticas.<\/span><\/p>[\/et_pb_accordion_item][et_pb_accordion_item title=\u00bbPROYECTOS\u00bb _builder_version=\u00bb4.27.0&#8243; _module_preset=\u00bbdefault\u00bb global_colors_info=\u00bb{}\u00bb open=\u00bboff\u00bb]<p><span><strong>Proyectos Residenciales \u2013 Comerciales:<\/strong><\/span><\/p>\n<p><span>Proyecto residencial en La Moria, Llanes, Asturias Espa\u00f1a<\/span><\/p>\n<p><span>Torres residenciales de 18 pisos para varias ciudades de la Federaci\u00f3n Rusa.<\/span><\/p>\n<p><span>Plan residencial en Jablonka, Olsztyn, Polonia<\/span><\/p>\n<p><span>Casa pasiva en Celorio, Asturias, Espa\u00f1a<\/span><\/p>\n<p><span>Conjunto residencial. Edificios 5 y 6. Bloque 32. Asturias, Espa\u00f1a<\/span><\/p>\n<p><span>La Casa de Marta. Celorio. Asturias, Espa\u00f1a<\/span><\/p>\n<p><span>Conjunto residencial de 8 viviendas adosadas. Asturias, Espa\u00f1a<\/span><\/p>\n<p><span>Restaurante Iberica. 195 Great Portland Street. Londres, Reino Unido<\/span><\/p>\n<p><span>Conjunto residencial. Clondalkin, condado de Dubl\u00edn, Irlanda<\/span><\/p>\n<p><span>Conjunto residencial. Dundrum, condado de Dubl\u00edn, Irlanda<\/span><\/p>\n<p><span>Conjunto residencial. Dalkey, condado de Dubl\u00edn, Irlanda<\/span><\/p>\n<p><span>Desarrollo de uso mixto Great Corrib, Galway, Irlanda<\/span><\/p>\n<p><span>Conjunto residencial. 224 West 18th\u00a0<sup>St.<\/sup>\u00a0, Nueva York, NY. EE.UU.<\/span><\/p>\n<p><span>Conversi\u00f3n en lofts. 533 West 34th\u00a0<sup>Street<\/sup>\u00a0, Nueva York, NY, EE. UU.<\/span><\/p>\n<p><span>Hotel Varick Street. 100 Varick Street, Nueva York, NY. Estados Unidos<\/span><\/p>\n<p>&nbsp;<\/p>\n<p><span><strong>Proyectos educativos:<\/strong><\/span><\/p>\n<p><span>Pabell\u00f3n de la Universidad de Limerick, condado de Limerick, Irlanda<\/span><\/p>\n<p><span>Renovaciones de Thebaud Hall. Universidad de Fordham, Nueva York, EE. UU.<\/span><\/p>\n<p><span>Ampliaci\u00f3n de la biblioteca del Brooklyn College, Brooklyn, NY, EE.UU.<\/span><\/p>\n<p><span>Residencias para estudiantes. Maynooth, condado de Kildare, Irlanda<\/span><\/p>\n<p>&nbsp;<\/p>\n<p><span><strong>Dise\u00f1o urbano:<\/strong><\/span><\/p>\n<p><span>Plan maestro y desarrollo de uso mixto. Algarve, Portugal<\/span><\/p>\n<p><span>Plan maestro y plan de desarrollo de uso mixto. Celbridge, condado de Kildare, Irlanda<\/span><\/p>\n<p><span>Plan maestro y plan de desarrollo de uso mixto. Bah\u00eda de Kavarna, Bulgaria<\/span><\/p>\n<p><span>Plan maestro. Manzana 32. Asturias, Espa\u00f1a<\/span><\/p>\n<p><span>Plan maestro. Terminal del Distrito Este. Brooklyn, NY. EE.UU.<\/span><\/p>\n<p>&nbsp;<\/p>\n<p><span><strong>Proyectos de oficina:<\/strong><\/span><\/p>\n<p><span>Centro de Administraci\u00f3n Ejecutiva. Universidad de Boston. Boston, Massachusetts. Estados Unidos<\/span><\/p>\n<p><span>Centro corporativo Sylvan. Long Island, Nueva York, EE. UU.<\/span><\/p>\n<p>&nbsp;<\/p>\n<p><span><strong>Proyectos de transporte:<\/strong><\/span><\/p>\n<p>&nbsp;<\/p>\n<p><span>Renovaci\u00f3n y ampliaci\u00f3n. Aeropuerto Internacional Newark Liberty. Newark, NJ. EE.UU.<\/span><\/p>\n<p>&nbsp;<\/p>\n<p><span><strong>Proyectos Hoteleros:<\/strong><\/span><\/p>\n<p><span>Hotel Clayton Galway, Olg Monivea Road, Ballybrit, Galway, Irlanda<\/span><\/p>\n<p><span>Hampton Inn Manhattan-Seaport-Financial District. 320 Pearl Street, Nueva York, NY. Estados Unidos<\/span><\/p>\n<p><span>Hampton Inn Manhattan-Chelsea. 108 West\u00a0<sup>24th<\/sup>\u00a0Street, Nueva York, Nueva York. EE.UU<\/span><\/p>[\/et_pb_accordion_item][et_pb_accordion_item title=\u00bbEXPERIENCIA ACAD\u00c9MICA\u00bb _builder_version=\u00bb4.27.0&#8243; _module_preset=\u00bbdefault\u00bb global_colors_info=\u00bb{}\u00bb open=\u00bboff\u00bb]<p><span>2005 \u2013 2012. Profesora a tiempo parcial. Talleres de dise\u00f1o arquitect\u00f3nico de cuarto y quinto a\u00f1o.<\/span><\/p>\n<p><span><a href=\"http:\/\/four.agilityhoster.com\/\" target=\"_blank\" rel=\"noopener\">Instituto Tecnol\u00f3gico de Dubl\u00edn<\/a>\u00a0. Facultad de Arquitectura. Dubl\u00edn, Irlanda (<a href=\"https:\/\/www.salgadoarchitect.com\/previo\/wp-content\/uploads\/2023\/05\/DOC-N-07-TEACHING-DIT-ENGLISH-scaled.jpg\" target=\"_blank\" rel=\"noopener\">imagen<\/a>)<\/span><\/p>\n<p>&nbsp;<\/p>\n<p><span>1998 \u2013 2001. Profesor adjunto. Primer a\u00f1o de Estudios de Dise\u00f1o Arquitect\u00f3nico. Instituto Tecnol\u00f3gico de Nueva York. Escuela de Arquitectura y Dise\u00f1o. Nueva York, NY. EE. UU. (<a href=\"https:\/\/www.salgadoarchitect.com\/previo\/wp-content\/uploads\/2023\/05\/DOC-N-08-TEACHING-NYIT-ENGLISH-scaled.jpg\" target=\"_blank\" rel=\"noopener\">imagen<\/a>)<\/span><\/p>[\/et_pb_accordion_item][et_pb_accordion_item title=\u00bbCONCURSOS\u00bb _builder_version=\u00bb4.27.2&#8243; _module_preset=\u00bbdefault\u00bb hover_enabled=\u00bb0&#8243; global_colors_info=\u00bb{}\u00bb open=\u00bboff\u00bb sticky_enabled=\u00bb0&#8243;]<p><span>Menci\u00f3n de Honor. Concurso de arquitectura Kino 70 Kulturni Centrum\u201d Nov\u00e9 M\u011bsto, Rep\u00fablica Checa<\/span><\/p>\n<p><span>Premio. Dise\u00f1o de distribuci\u00f3n alternativa para viviendas est\u00e1ndar. Ministerio de Vivienda de Rusia. Strelka. DOM. Resultado: dise\u00f1o y construcci\u00f3n de torres de 18 pisos en varias ciudades de la Federaci\u00f3n Rusa<\/span><\/p>\n<p><span>Finalista. Concurso de dise\u00f1o arquitect\u00f3nico del Centro de Artes Comunitarias de Tullamore. Irlanda<\/span><\/p>\n<p><span>Menci\u00f3n Honor\u00edfica. Competencia Profesional Green 360 Lofts en el Campo de Golf Cerros de Camacho. Lima, Per\u00fa<\/span><\/p>\n<p>&nbsp;<\/p>\n<p><span>Segundo premio. Concurso internacional de ideas del muelle central del puerto de Galway. Galway, Irlanda<\/span><\/p>\n<p>&nbsp;<\/p>\n<p><span>Primer premio. Concurso anual de dise\u00f1o comunitario. Futuros usos del aeropuerto Fairchild Republic. Nueva York. Estados Unidos<\/span><\/p>[\/et_pb_accordion_item][et_pb_accordion_item title=\u00bbPUBLICACIONES\u00bb _builder_version=\u00bb4.27.0&#8243; _module_preset=\u00bbdefault\u00bb global_colors_info=\u00bb{}\u00bb open=\u00bboff\u00bb]<p><span>Arquitectura Viva. Proyectos AV 092<\/span><\/p>\n<p><span>Ecosistema Urbano. 2019<\/span><\/p>\n<p>&nbsp;<\/p>\n<p><span>Peri\u00f3dico La Nueva Espa\u00f1a<\/span><\/p>\n<p><span>Lucas Blanco. 10 de junio de 2019<\/span><\/p>\n<p><span>Dise\u00f1o ovetense para la vivienda social de Rusia<\/span><\/p>\n<p>&nbsp;<\/p>\n<p><span>Casa de Marta \/ Ra\u00fal Guti\u00e9rrez Salgado Plataforma Arquitectura<\/span><\/p>\n<p><span>\u0421\u043e\u0432\u0440\u0435\u043c\u0435\u043d\u043d\u044b\u0439 \u043e\u0441\u043e\u0431\u043d\u044f\u043a \u0432 \u0418\u0441\u043f\u0430\u043d\u0438\u0438 \u043e\u0442 Ra\u00fal Guti\u00e9rrez Salgado grandengineer.ru<\/span><\/p>\n<p><span>Marta\u4f4f\u5b85\/ Ra\u00fal Guti\u00e9rrez Salgado iarch.cn<\/span><\/p>\n<p>&nbsp;<\/p>\n<p><span><a href=\"http:\/\/www.scalae.net\/noticia\/raul-gutierrez-salgado-finalista-en-un-concurso-internacional-en-irlanda\" target=\"_blank\" rel=\"noopener\">Scalae<\/a>\u00a0Agencia Documental de Arquitectura<\/span><\/p>\n<p><span>Pablo Garc\u00eda Bachiller, noviembre de 2009<\/span><\/p>\n<p><span>Ra\u00fal Guti\u00e9rrez Salgado recibe Menci\u00f3n Honor\u00edfica en Concurso Internacional en Irlanda<\/span><\/p>\n<p><span><strong>\u00a0<\/strong><\/span><\/p>\n<p><span>Peri\u00f3dico La Nueva Espa\u00f1a<\/span><\/p>\n<p><span>Marta P\u00e9rez. 30 de octubre de 2009<\/span><\/p>\n<p><span><a href=\"http:\/\/www.lne.es\/oviedo\/2009\/10\/30\/arquitectura-ovetense-pasaporte\/827462.html\" target=\"_blank\" rel=\"noopener\">Arquitectura ovetense con pasaporte<\/a><\/span><\/p>\n<p>&nbsp;<\/p>\n<p><span>Arquitectum. Agencia de arquitectos<\/span><\/p>\n<p><span>Febrero de 2010<\/span><\/p>\n<p><span>Concurso de Arquitectura. Green 360. Los Proyectos Ganadores<\/span><\/p>\n<p>&nbsp;<\/p>\n<p><span>DAM Museo Alem\u00e1n de Arquitectura<\/span><\/p>\n<p><span>Beate Engelhorn. 2007<\/span><\/p>\n<p><span>J\u00f3venes estadounidenses. Nueva arquitectura en los Estados Unidos<\/span><\/p>\n<p><span>AB Arquitectos con Ra\u00fal Guti\u00e9rrez Salgado<\/span><\/p>\n<p>&nbsp;<\/p>\n<p><span>Resumen de la Universidad de Columbia<\/span><\/p>\n<p><span>Escuela Superior de Arquitectura, Planificaci\u00f3n y Conservaci\u00f3n 1995-1996<\/span><\/p>\n<p><span>Trabajo de Maestr\u00eda en Arquitectura y Dise\u00f1o Urbano: semestres de verano, oto\u00f1o y primavera<\/span><\/p>\n<p>&nbsp;<\/p>\n<p><span>Creaci\u00f3n en el espacio. Fundamentos de arquitectura. Tomo II. Din\u00e1mica<\/span><\/p>\n<p><span>Jonathan Block Friedman, 1992<\/span><\/p>\n<p><span>Trabajo de estudio Fundamentos de dise\u00f1o I y II<\/span><\/p>[\/et_pb_accordion_item][et_pb_accordion_item title=\u00bbEXPOSICIONES\u00bb _builder_version=\u00bb4.27.0&#8243; _module_preset=\u00bbdefault\u00bb global_colors_info=\u00bb{}\u00bb open=\u00bboff\u00bb]<p><span>Proyecto seleccionado para la exposici\u00f3n \u201cConcurso de arquitectura Kino 70 Kulturni Centrum. Los proyectos ganadores\u201d Kino 70 Kulturni Centrum. Nov\u00e9 M\u011bsto, Rep\u00fablica Checa. Febrero 2023Proyecto seleccionado para la exposici\u00f3n \u201cConcurso de arquitectura. Green 360. Los proyectos ganadores\u201d Caf\u00e9 del Mar. Lima, Per\u00fa. Enero 2010<\/span><\/p>\n<p><span>Proyecto seleccionado para la exposici\u00f3n \u201cLas propuestas ganadoras y preseleccionadas del concurso de ideas del Centre Pier Galway Harbour\u201d<\/span><\/p>\n<p><span>Dark Space. Dubl\u00edn, Irlanda. Febrero \u2013 marzo de 2010<\/span><\/p>\n<p>&nbsp;<\/p>\n<p><span>Proyecto seleccionado para la exposici\u00f3n \u201cOpen House Galway\u201d<\/span><\/p>\n<p><span>Muelle del centro de Galway (Irlanda), octubre de 2009<\/span><\/p>\n<p>&nbsp;<\/p>\n<p><span>Proyecto Seleccionado para la exposici\u00f3n \u201cExposici\u00f3n Nuevo Urbanismo\u201d<\/span><\/p>\n<p><span>Palacio de Gobernaci\u00f3n. Caracas, Venezuela. junio de 1996<\/span><\/p>\n<p>&nbsp;<\/p>\n<p><span>Proyecto Seleccionado para la exposici\u00f3n \u201cExposici\u00f3n de Fin de A\u00f1o\u201d<\/span><\/p>\n<p><span>Universidad de Columbia. Nueva York, NY. Mayo de 1996<\/span><\/p>\n<p>&nbsp;<\/p>\n<p><span>Proyecto seleccionado para la exposici\u00f3n \u201cPropuesta de dise\u00f1o para la zona ribere\u00f1a del East River de Manhattan\u201d<\/span><\/p>\n<p><span>Tribunal Testamentario. Nueva York, NY. Mayo de 1994<\/span><\/p>[\/et_pb_accordion_item][et_pb_accordion_item title=\u00bbLICENCIAS, REGISTRO Y CERTIFICACI\u00d3N\u00bb _builder_version=\u00bb4.27.0&#8243; _module_preset=\u00bbdefault\u00bb global_colors_info=\u00bb{}\u00bb open=\u00bboff\u00bb]<p><strong>Licensed and registered to practice Architecture in the State of New York<\/strong><\/p>\n<p>License number:<span>\u00a0<\/span><a href=\"https:\/\/arquitectospain.com\/wp-content\/uploads\/2024\/03\/DOC-N-11-LICENSE-PARCHMENT-ENGLISH.jpg\" target=\"_blank\" rel=\"noopener\">029965<\/a><\/p>\n<p>Registration certificate number:<span>\u00a0<\/span><a href=\"https:\/\/arquitectospain.com\/wp-content\/uploads\/2024\/03\/DOC-N-12-REGISTRATION-CERTIFICATE-2-ENGLISH.jpg\" target=\"_blank\" rel=\"noopener\">5919128<\/a><\/p>\n<p>&nbsp;<\/p>\n<p><span><a href=\"https:\/\/www.coam.org\/es\/servicios\/internacional\/novedades-proyectos-internacional\/cronicas-nuestro-corresponsal-nueva-york\"><u>https:\/\/www.coam.org\/es\/servicios\/internacional\/novedades-proyectos-internacional\/cronicas-nuestro-corresponsal-nueva-york<\/u><\/a><\/span><\/p>\n<p>&nbsp;<\/p>\n<p>&nbsp;<\/p>\n<p><strong>Certified by NCARB (National Council of Architectural Registration Boards)<\/strong><\/p>\n<p>NCARB Certificate number:<span>\u00a0<\/span><a href=\"https:\/\/arquitectospain.com\/wp-content\/uploads\/2024\/10\/DOC-N-02-NCARB-CERT-ENGLISH-2.jpg\" target=\"_blank\" rel=\"noopener\">59931<\/a><\/p>\n<p><span><a href=\"http:\/\/www.ncarb.org\/\"><u>http:\/\/www.ncarb.org<\/u><\/a><\/span><\/p>\n<p>&nbsp;<\/p>\n<p><strong>Member of the American Institute of Architects<\/strong><\/p>\n<p>Membership number: \u00a0<a href=\"https:\/\/arquitectospain.com\/wp-content\/uploads\/2024\/03\/DOC-N-13-AIA-ENGLISH-scaled.jpg\" target=\"_blank\" rel=\"noopener\">30308201<\/a><\/p>\n<p><span><a href=\"http:\/\/www.aia.org\/\"><u>http:\/\/www.aia.org\/<\/u><\/a><\/span>\u00a0<strong>(01)<\/strong><\/p>\n<p>&nbsp;<\/p>\n<p><strong>Member of the Royal Institute of the Architects of Ireland<\/strong><\/p>\n<p>Membership number:<span>\u00a0<\/span><a href=\"https:\/\/arquitectospain.com\/wp-content\/uploads\/2024\/03\/DOC-N-22-MRIAI-DIPLOMA-ENGLISH-scaled.jpg\" target=\"_blank\" rel=\"noopener\">\u00a005145<\/a><\/p>\n<p><span><a href=\"http:\/\/www.riai.ie\/\"><u>http:\/\/www.riai.ie\/<\/u><\/a><\/span>\u00a0<strong>(11)<\/strong><\/p>\n<p>&nbsp;<\/p>\n<p><strong>Member of the Royal Institute of British Architects<\/strong><\/p>\n<p><a href=\"https:\/\/arquitectospain.com\/wp-content\/uploads\/2024\/03\/DOC-N-28-UK-RIBA-ENGLISH1-scaled.jpg\" target=\"_blank\" rel=\"noopener\">Chartered Membership<\/a><\/p>\n<p><span><a href=\"http:\/\/www.riba.org\/\"><u>http:\/\/www.riba.org<\/u><\/a><\/span>\u00a0<strong>(03)<\/strong><\/p>\n<p>&nbsp;<\/p>\n<p><strong>Registered with ARB (Architects Registration Board, London, UK)<\/strong><\/p>\n<p>Registration number:<span>\u00a0<\/span><a href=\"https:\/\/arquitectospain.com\/wp-content\/uploads\/2024\/03\/DOC-N-28-UK-ARB-ENGLISH-scaled.jpg\" target=\"_blank\" rel=\"noopener\">071627H<\/a><\/p>\n<p><span><a href=\"http:\/\/www.arb.org.uk\/\"><u>http:\/\/www.arb.org.uk\/<\/u><\/a><\/span>\u00a0<strong>(12)<\/strong><\/p>\n<p>&nbsp;<\/p>\n<p><strong>Registered with COAM (Colegio Oficial de Arquitectos de Madrid)<\/strong><\/p>\n<p>Registration number: 18134<\/p>\n<p><span><a href=\"http:\/\/www.coam.es\/\"><u>http:\/\/www.coam.es<\/u><\/a><\/span>\u00a0<strong>(04)<\/strong><\/p>[\/et_pb_accordion_item][\/et_pb_accordion][\/et_pb_column][\/et_pb_row][\/et_pb_section]\n","protected":false},"excerpt":{"rendered":"<p>Universidad de Columbia. Nueva York, NY (\u00a0imagen 1\u00a0,\u00a0imagen 2\u00a0)Maestr\u00eda en Ciencias en Arquitectura y Dise\u00f1o Urbano. 1996 Instituto Tecnol\u00f3gico de Nueva York. Old Westbury, NYLicenciatura en Arquitectura. Cum Laude. 1994 (\u00a0imagen\u00a0)Ra\u00fal Guti\u00e9rrez Salgado es arquitecto con posgrado en Arquitectura y Dise\u00f1o Urbano por\u00a0la Universidad de Columbia\u00a0, en la ciudad de Nueva York. Cuenta con 25 [&hellip;]<\/p>\n","protected":false},"author":1,"featured_media":0,"parent":0,"menu_order":0,"comment_status":"closed","ping_status":"closed","template":"","meta":{"_et_pb_use_builder":"on","_et_pb_old_content":"","_et_gb_content_width":"","footnotes":""},"class_list":["post-1509","page","type-page","status-publish","hentry"],"yoast_head":"<!-- This site is optimized with the Yoast SEO plugin v27.4 - https:\/\/yoast.com\/product\/yoast-seo-wordpress\/ -->\n<title>C.V. Arquitecto Ra\u00fal Guti\u00e9rrez Salgado | Arquitecto Spain<\/title>\n<meta name=\"description\" content=\"C.V. Arquitecto Ra\u00fal G. Salgado, experiencia profesional, concursos, publicaciones, proyectos, experiencia acad\u00e9mica, exposiciones, licencias.\" \/>\n<meta name=\"robots\" content=\"index, follow, max-snippet:-1, max-image-preview:large, max-video-preview:-1\" \/>\n<link rel=\"canonical\" href=\"https:\/\/arquitectospain.com\/index.php\/c-v-arquitecto-spain-raul-salgado\/\" \/>\n<meta property=\"og:locale\" content=\"es_ES\" \/>\n<meta property=\"og:type\" content=\"article\" \/>\n<meta property=\"og:title\" content=\"C.V. Arquitecto Ra\u00fal Guti\u00e9rrez Salgado | Arquitecto Spain\" \/>\n<meta property=\"og:description\" content=\"C.V. Arquitecto Ra\u00fal G. Salgado, experiencia profesional, concursos, publicaciones, proyectos, experiencia acad\u00e9mica, exposiciones, licencias.\" \/>\n<meta property=\"og:url\" content=\"https:\/\/arquitectospain.com\/index.php\/c-v-arquitecto-spain-raul-salgado\/\" \/>\n<meta property=\"og:site_name\" content=\"Arquitecto Spain\" \/>\n<meta property=\"article:modified_time\" content=\"2025-05-13T12:05:45+00:00\" \/>\n<meta name=\"twitter:card\" content=\"summary_large_image\" \/>\n<meta name=\"twitter:label1\" content=\"Tiempo de lectura\" \/>\n\t<meta name=\"twitter:data1\" content=\"6 minutos\" \/>\n<script type=\"application\/ld+json\" class=\"yoast-schema-graph\">{\"@context\":\"https:\\\/\\\/schema.org\",\"@graph\":[{\"@type\":\"WebPage\",\"@id\":\"https:\\\/\\\/arquitectospain.com\\\/index.php\\\/c-v-arquitecto-spain-raul-salgado\\\/\",\"url\":\"https:\\\/\\\/arquitectospain.com\\\/index.php\\\/c-v-arquitecto-spain-raul-salgado\\\/\",\"name\":\"C.V. Arquitecto Ra\u00fal Guti\u00e9rrez Salgado | Arquitecto Spain\",\"isPartOf\":{\"@id\":\"https:\\\/\\\/arquitectospain.com\\\/#website\"},\"datePublished\":\"2024-10-07T18:52:50+00:00\",\"dateModified\":\"2025-05-13T12:05:45+00:00\",\"description\":\"C.V. Arquitecto Ra\u00fal G. Salgado, experiencia profesional, concursos, publicaciones, proyectos, experiencia acad\u00e9mica, exposiciones, licencias.\",\"breadcrumb\":{\"@id\":\"https:\\\/\\\/arquitectospain.com\\\/index.php\\\/c-v-arquitecto-spain-raul-salgado\\\/#breadcrumb\"},\"inLanguage\":\"es\",\"potentialAction\":[{\"@type\":\"ReadAction\",\"target\":[\"https:\\\/\\\/arquitectospain.com\\\/index.php\\\/c-v-arquitecto-spain-raul-salgado\\\/\"]}]},{\"@type\":\"BreadcrumbList\",\"@id\":\"https:\\\/\\\/arquitectospain.com\\\/index.php\\\/c-v-arquitecto-spain-raul-salgado\\\/#breadcrumb\",\"itemListElement\":[{\"@type\":\"ListItem\",\"position\":1,\"name\":\"Portada\",\"item\":\"https:\\\/\\\/arquitectospain.com\\\/\"},{\"@type\":\"ListItem\",\"position\":2,\"name\":\"C.V. Arquitecto Spain Ra\u00fal Salgado\"}]},{\"@type\":\"WebSite\",\"@id\":\"https:\\\/\\\/arquitectospain.com\\\/#website\",\"url\":\"https:\\\/\\\/arquitectospain.com\\\/\",\"name\":\"Arquitecto Spain\",\"description\":\"Arquitecto Ra\u00fal G. Salgado\",\"potentialAction\":[{\"@type\":\"SearchAction\",\"target\":{\"@type\":\"EntryPoint\",\"urlTemplate\":\"https:\\\/\\\/arquitectospain.com\\\/?s={search_term_string}\"},\"query-input\":{\"@type\":\"PropertyValueSpecification\",\"valueRequired\":true,\"valueName\":\"search_term_string\"}}],\"inLanguage\":\"es\"}]}<\/script>\n<!-- \/ Yoast SEO plugin. -->","yoast_head_json":{"title":"C.V. Arquitecto Ra\u00fal Guti\u00e9rrez Salgado | Arquitecto Spain","description":"C.V. Arquitecto Ra\u00fal G. Salgado, experiencia profesional, concursos, publicaciones, proyectos, experiencia acad\u00e9mica, exposiciones, licencias.","robots":{"index":"index","follow":"follow","max-snippet":"max-snippet:-1","max-image-preview":"max-image-preview:large","max-video-preview":"max-video-preview:-1"},"canonical":"https:\/\/arquitectospain.com\/index.php\/c-v-arquitecto-spain-raul-salgado\/","og_locale":"es_ES","og_type":"article","og_title":"C.V. Arquitecto Ra\u00fal Guti\u00e9rrez Salgado | Arquitecto Spain","og_description":"C.V. Arquitecto Ra\u00fal G. Salgado, experiencia profesional, concursos, publicaciones, proyectos, experiencia acad\u00e9mica, exposiciones, licencias.","og_url":"https:\/\/arquitectospain.com\/index.php\/c-v-arquitecto-spain-raul-salgado\/","og_site_name":"Arquitecto Spain","article_modified_time":"2025-05-13T12:05:45+00:00","twitter_card":"summary_large_image","twitter_misc":{"Tiempo de lectura":"6 minutos"},"schema":{"@context":"https:\/\/schema.org","@graph":[{"@type":"WebPage","@id":"https:\/\/arquitectospain.com\/index.php\/c-v-arquitecto-spain-raul-salgado\/","url":"https:\/\/arquitectospain.com\/index.php\/c-v-arquitecto-spain-raul-salgado\/","name":"C.V. Arquitecto Ra\u00fal Guti\u00e9rrez Salgado | Arquitecto Spain","isPartOf":{"@id":"https:\/\/arquitectospain.com\/#website"},"datePublished":"2024-10-07T18:52:50+00:00","dateModified":"2025-05-13T12:05:45+00:00","description":"C.V. Arquitecto Ra\u00fal G. Salgado, experiencia profesional, concursos, publicaciones, proyectos, experiencia acad\u00e9mica, exposiciones, licencias.","breadcrumb":{"@id":"https:\/\/arquitectospain.com\/index.php\/c-v-arquitecto-spain-raul-salgado\/#breadcrumb"},"inLanguage":"es","potentialAction":[{"@type":"ReadAction","target":["https:\/\/arquitectospain.com\/index.php\/c-v-arquitecto-spain-raul-salgado\/"]}]},{"@type":"BreadcrumbList","@id":"https:\/\/arquitectospain.com\/index.php\/c-v-arquitecto-spain-raul-salgado\/#breadcrumb","itemListElement":[{"@type":"ListItem","position":1,"name":"Portada","item":"https:\/\/arquitectospain.com\/"},{"@type":"ListItem","position":2,"name":"C.V. Arquitecto Spain Ra\u00fal Salgado"}]},{"@type":"WebSite","@id":"https:\/\/arquitectospain.com\/#website","url":"https:\/\/arquitectospain.com\/","name":"Arquitecto Spain","description":"Arquitecto Ra\u00fal G. Salgado","potentialAction":[{"@type":"SearchAction","target":{"@type":"EntryPoint","urlTemplate":"https:\/\/arquitectospain.com\/?s={search_term_string}"},"query-input":{"@type":"PropertyValueSpecification","valueRequired":true,"valueName":"search_term_string"}}],"inLanguage":"es"}]}},"_links":{"self":[{"href":"https:\/\/arquitectospain.com\/index.php\/wp-json\/wp\/v2\/pages\/1509","targetHints":{"allow":["GET"]}}],"collection":[{"href":"https:\/\/arquitectospain.com\/index.php\/wp-json\/wp\/v2\/pages"}],"about":[{"href":"https:\/\/arquitectospain.com\/index.php\/wp-json\/wp\/v2\/types\/page"}],"author":[{"embeddable":true,"href":"https:\/\/arquitectospain.com\/index.php\/wp-json\/wp\/v2\/users\/1"}],"replies":[{"embeddable":true,"href":"https:\/\/arquitectospain.com\/index.php\/wp-json\/wp\/v2\/comments?post=1509"}],"version-history":[{"count":11,"href":"https:\/\/arquitectospain.com\/index.php\/wp-json\/wp\/v2\/pages\/1509\/revisions"}],"predecessor-version":[{"id":1980,"href":"https:\/\/arquitectospain.com\/index.php\/wp-json\/wp\/v2\/pages\/1509\/revisions\/1980"}],"wp:attachment":[{"href":"https:\/\/arquitectospain.com\/index.php\/wp-json\/wp\/v2\/media?parent=1509"}],"curies":[{"name":"wp","href":"https:\/\/api.w.org\/{rel}","templated":true}]}}