{"id":250,"date":"2024-03-19T13:11:13","date_gmt":"2024-03-19T12:11:13","guid":{"rendered":"https:\/\/arquitectospain.com\/?page_id=250"},"modified":"2025-05-13T14:16:06","modified_gmt":"2025-05-13T12:16:06","slug":"aviso-legal","status":"publish","type":"page","link":"https:\/\/arquitectospain.com\/index.php\/aviso-legal\/","title":{"rendered":"Aviso Legal"},"content":{"rendered":"\n[et_pb_section fb_built=\u00bb1&#8243; _builder_version=\u00bb4.25.2&#8243; _module_preset=\u00bbdefault\u00bb global_colors_info=\u00bb{}\u00bb][et_pb_row _builder_version=\u00bb4.25.2&#8243; _module_preset=\u00bbdefault\u00bb global_colors_info=\u00bb{}\u00bb][et_pb_column type=\u00bb4_4&#8243; _builder_version=\u00bb4.25.2&#8243; _module_preset=\u00bbdefault\u00bb global_colors_info=\u00bb{}\u00bb][et_pb_text _builder_version=\u00bb4.25.2&#8243; _module_preset=\u00bbdefault\u00bb global_colors_info=\u00bb{}\u00bb]<h1>AVISO LEGAL<\/h1>\n<p>Condiciones generales<\/p>\n<p>Este sitio web es propiedad de Ra\u00fal Gutierrez Salgado. El domicilio del sitio web a efectos de notificaciones y comunicaciones de cualquier tipo es: arquitectospain.com y la direcci\u00f3n electr\u00f3nica info@salgadoarchitect.com<\/p>\n<p>El uso del sitio Web implica la plena aceptaci\u00f3n de las condiciones aqu\u00ed expuestas, sin perjuicio de aquellas particulares que pudieran aplicarse a algunos de los servicios concretos ofrecidos a trav\u00e9s del sitio Web.<\/p>\n<p>Ra\u00fal Gutierrez Salgado se reserva el derecho de modificar en cualquier momento las presentes condiciones de uso as\u00ed como cualesquiera otras condiciones particulares.<\/p>\n<p>Propiedad intelectual sobre los contenidos del sitio Web.<\/p>\n<p>Dise\u00f1o y logos<\/p>\n<p>La estructura del sitio web, su dise\u00f1o y el c\u00f3digo fuente de la misma, as\u00ed como los logos y marcas que en ella se incluyen son titularidad de Ra\u00fal Gutierrez Salgado y est\u00e1n protegidos por la normativa de propiedad intelectual e industrial. No se podr\u00e1n realizar actos de reproducci\u00f3n, modificaci\u00f3n, distribuci\u00f3n, comunicaci\u00f3n p\u00fablica y, en general, cualquier otra forma de explotaci\u00f3n, por cualquier procedimiento, de estos elementos sin el previo consentimiento por escrito de Ra\u00fal Gutierrez Salgado<\/p>\n<p>Ra\u00fal Gutierrez Salgado no asumir\u00e1 ninguna responsabilidad derivada del uso por terceros del contenido del sitio Web y podr\u00e1 ejercitar todas las acciones civiles o penales que le correspondan en caso de infracci\u00f3n de estos derechos por parte del usuario.<\/p>\n<p>&nbsp;<\/p>\n<p>En cumplimiento a las obligaciones dispuestas en la Ley 34\/2002, de 11 de julio, de Servicios de la Sociedad de la Informaci\u00f3n y de Comercio Electr\u00f3nico (LSSICE), BOE N \u00ba 166, as\u00ed como informar a todos los usuarios del sitio web respecto a cu\u00e1les son las condiciones de uso. Toda persona que acceda a este sitio web asume el papel de usuario, comprometi\u00e9ndose a la observancia y cumplimiento riguroso de las disposiciones aqu\u00ed dispuestas, as\u00ed como a cualquier otra disposici\u00f3n legal que fuera de aplicaci\u00f3n. Ra\u00fal Gutierrez Salgado se reserva el derecho de modificar cualquier tipo de informaci\u00f3n que pudiera aparecer en el sitio web, sin que exista obligaci\u00f3n de preavisar o poner en conocimiento de los usuarios dichas obligaciones, entendi\u00e9ndose como suficiente con la publicaci\u00f3n en el sitio web de Ra\u00fal Gutierrez Salgado<\/p>\n<p>Ra\u00fal Gutierrez Salgado se compromete al cumplimiento de su obligaci\u00f3n de secreto con respecto a los datos de car\u00e1cter personal suministrados y al deber de tratarlos con confidencialidad y reserva, conforme a la legislaci\u00f3n vigente. A estos efectos adoptar\u00e1 las medidas necesarias para evitar su alteraci\u00f3n, p\u00e9rdida, tratamiento o acceso no autorizado.<\/p>\n<p>As\u00ed mismo se le informa que, si lo desea puede ejercitar los derechos previstos en el Art. 5 de la Ley, envi\u00e1ndonos un mail a la siguiente direcci\u00f3n info@salgadoarchitect.com indicando su nombre completo, direcci\u00f3n de correo electr\u00f3nico, y adjuntando copia de su DNI as\u00ed, como el tipo de derecho que desea ejercitar; Acceso, Rectificaci\u00f3n, Cancelaci\u00f3n u Oposici\u00f3n. Si lo prefiere, Puede ejercer sus derechos enviando un escrito adjuntando la copia del DNI.<\/p>\n<p>&nbsp;<\/p>\n<p>Cookies<\/p>\n<p>El sitio Web utiliza cookies previa aceptaci\u00f3n por parte del usuario de su pol\u00edtica.<\/p>\n<p>Links<\/p>\n<p>Los enlaces contenidos en este sitio Web pueden dirigir a contenidos Web de terceros. No asume ninguna responsabilidad por el contenido, informaciones o servicios que pudieran aparecer en dichos sitios, que tendr\u00e1n exclusivamente car\u00e1cter informativo y que en ning\u00fan caso implican relaci\u00f3n alguna entre Ra\u00fal Gutierrez Salgadoy a las personas o entidades titulares de tales contenidos o titulares de los sitios donde se encuentren.<\/p>\n<p>Jurisdicci\u00f3n<\/p>\n<p>Para cuantas cuestiones se susciten sobre la interpretaci\u00f3n, aplicaci\u00f3n y cumplimiento de este Ra\u00fal Gutierrez Salgado, as\u00ed como de las reclamaciones que puedan derivarse de su uso, todos las partes intervinientes se someten a los Jueces y Tribunales de Gij\u00f3n, renunciando de forma expresa a cualquier otro fuero que pudiera corresponderles.<\/p>\n<p>Exenci\u00f3n de responsabilidad<\/p>\n<p>Ra\u00fal Gutierrez Salgado no garantiza la calidad, exactitud, fiabilidad, correcci\u00f3n, integridad o moralidad de los datos, programas, informaciones u opiniones, cualquiera que sea su origen, que circulen por su red o por las redes a las que el usuario de la Web pueda acceder a trav\u00e9s de \u00e9sta. El usuario declara y garantiza que mantendr\u00e1 exento de toda responsabilidad por estos conceptos a Ra\u00fal Gutierrez Salgado. En consecuencia, el usuario asume bajo su exclusiva responsabilidad las consecuencias, da\u00f1os o acciones que pudieran derivarse del acceso a dichos contenidos as\u00ed como de su reproducci\u00f3n o difusi\u00f3n.<\/p>\n<p>Derechos de Autor<\/p>\n<p>El usuario de la Web reconoce y acepta que los elementos y utilidades integrados dentro de \u00e9sta est\u00e1n protegidos por la legislaci\u00f3n sobre derechos de autor, de propiedad intelectual e industrial, por lo que la titularidad de \u00e9stos corresponde en exclusiva a Ra\u00fal Gutierrez Salgado. En particular, el usuario declara y garantiza que conoce que no est\u00e1 autorizado para reproducir, comunicar, distribuir ni transformar contenidos incluidos en la Web sin el previo consentimiento expreso de Ra\u00fal Gutierrez Salgado. En caso contrario, las consecuencias de la infracci\u00f3n de esta obligaci\u00f3n recaer\u00e1n \u00fanica y exclusivamente sobre el usuario infractor.<\/p>\n<p>En el caso de la puesta a disposici\u00f3n de contenidos (material audiovisual, de v\u00eddeos o audio) por parte de usuarios de la Web a trav\u00e9s de \u00e9sta misma (\u2018subida\u2019 de contenidos del propio usuario a la Web) el usuario deber\u00e1 proporcionar la informaci\u00f3n que le sea requerida, en relaci\u00f3n con el origen y titularidad de los contenidos y el procedimiento por el que el participante los haya obtenido. Esta informaci\u00f3n deber\u00e1 ser veraz y comprobable en el caso de que Ra\u00fal Gutierrez Salgado as\u00ed lo requiera, asumiendo el usuario su veracidad.<\/p>\n<p>Ra\u00fal Gutierrez Salgado decidir\u00e1 libremente y sin compromiso alguno por su parte qu\u00e9 contenidos deben ser puestos en la Web a disposici\u00f3n del p\u00fablico, realizando por tanto una selecci\u00f3n de entre todos los recibidos. Los contenidos seleccionados se colgar\u00e1n en la Web con el alias del participante, siendo accesibles desde dicha p\u00e1gina por terceros. El usuario declara conocer y aceptar que, una vez puestos a disposici\u00f3n del p\u00fablico en la Web, los contenidos estar\u00e1n a disposici\u00f3n de terceros en todo el mundo, por lo que exime expresamente de responsabilidad a Ra\u00fal Gutierrez Salgado por cualquier reclamaci\u00f3n por este motivo.<\/p>\n<p>Upload de v\u00eddeos y fotograf\u00edas<\/p>\n<p>Cada usuario garantiza que es leg\u00edtimo titular de los derechos de explotaci\u00f3n de los contenidos que aporta y responsable de los mismos. Cada usuario autoriza a Ra\u00fal Gutierrez Salgado a reproducir, distribuir, comunicar p\u00fablicamente, divulgar, poner a disposici\u00f3n del p\u00fablico y transformar los contenidos comunicados a trav\u00e9s de la Web por cualquier medio y para cualquier fin, ya sea comercial, publicitario o de otro tipo, para todo el mundo y durante el m\u00e1ximo periodo de tiempo reconocido por el Real Decreto Legislativo 1\/1996, de 12 de abril, por el que se aprueba el Texto Refundido de la Ley de Propiedad Intelectual, pudiendo Ra\u00fal Gutierrez Salgado ceder, transferir libremente por cualquier medio y licenciar a terceros tales derechos con la salvedad de aquellos derechos de contenido moral que legalmente les correspondan a los usuarios sobre los contenidos que aporten, especialmente el reconocimiento de su condici\u00f3n de autor.<\/p>\n<p>Ra\u00fal Gutierrez Salgado decidir\u00e1 sobre la idoneidad de los contenidos a efectos de su publicaci\u00f3n y podr\u00e1 adaptarlos tecnol\u00f3gicamente, transformarlos y adecuarlos al formato id\u00f3neo para su publicaci\u00f3n.<\/p>\n<p>Ra\u00fal Gutierrez Salgado no garantiza la licitud, fiabilidad y utilidad de los contenidos aportados por los usuarios, y no se hace responsable por los da\u00f1os y perjuicios que puedan deberse a la transmisi\u00f3n, difusi\u00f3n, almacenamiento, reproducci\u00f3n, puesta a disposici\u00f3n, recepci\u00f3n, obtenci\u00f3n o acceso a los contenidos.<\/p>\n<p>Asimismo, el usuario declara, asegura y confirma a Ra\u00fal Gutierrez Salgado:<\/p>\n<p>Que es el titular de los derechos de autor, que en su caso se generen, sobre los contenidos o el material que env\u00eda, que \u00e9stos son originales y no constituyen un plagio de una obra de terceros, o en su caso que mantiene todos los derechos y autorizaciones necesarias.<\/p>\n<p>Que en caso de tratarse de fotograf\u00edas \u00e9stas han sido elaboradas con el consentimiento de las personas que aparecen en ellas, que estas personas son mayores de edad y en caso de menores tienen el consentimiento de sus tutores legales, y dan su consentimiento y aceptan las consecuencias del env\u00edo a la Web.<\/p>\n<p>Que en caso de tratarse de contenidos audiovisuales, \u00e9stos han sido obtenidos, producidos y\/o adquiridos directamente por su remitente, de forma tal que ostenta todos los derechos necesarios sobre el mismo, con legitimaci\u00f3n suficiente para cederlos a Ra\u00fal Gutierrez Salgadoen los t\u00e9rminos y condiciones necesarios para permitir su explotaci\u00f3n en los t\u00e9rminos referidos.<\/p>\n<p>Que para hacer la cesi\u00f3n de derechos referida en esta condici\u00f3n, cuenta con las autorizaciones correspondientes de las personas que aparecen en el contenido audiovisual.<\/p>\n<p>Que los contenidos que aportan no contienen ning\u00fan virus u otros elementos que puedan da\u00f1ar o impedir el normal funcionamiento de la Web, del sistema, o de equipos inform\u00e1ticos de Ra\u00fal Gutierrez Salgado, de terceros, o de otros usuarios. Ra\u00fal Gutierrez Salgado, con toda la extensi\u00f3n permitida en derecho, no se responsabiliza por los da\u00f1os y perjuicios que puedan deberse a errores del software, o en los contenidos, o a la presencia de virus que puedan producir alteraciones en el sistema inform\u00e1tico, documentos electr\u00f3nicos o ficheros de los usuarios.<\/p>\n<p>Que acepta todos los t\u00e9rminos relativos a la Propiedad Intelectual incluidos en las presentes condiciones.<\/p>\n<p>En consecuencia, el usuario que remite contenidos se hace responsable de las manifestaciones contenidas en los p\u00e1rrafos anteriores, garantiza ser titular de los derechos de propiedad intelectual y por tanto, mantendr\u00e1 indemne a Ra\u00fal Gutierrez Salgado frente a cualquier reclamaci\u00f3n de terceros derivada del incumplimiento de las citadas garant\u00edas.<\/p>[\/et_pb_text][\/et_pb_column][\/et_pb_row][\/et_pb_section][et_pb_section fb_built=\u00bb1&#8243; admin_label=\u00bbFooter\u00bb _builder_version=\u00bb4.21.0&#8243; _module_preset=\u00bbdefault\u00bb background_color=\u00bb#000000&#8243; saved_tabs=\u00bball\u00bb collapsed=\u00bbon\u00bb global_colors_info=\u00bb{}\u00bb global_module=\u00bb270&#8243; theme_builder_area=\u00bbpost_content\u00bb][et_pb_row column_structure=\u00bb1_3,1_3,1_3&#8243; _builder_version=\u00bb4.19.1&#8243; _module_preset=\u00bbdefault\u00bb global_colors_info=\u00bb{}\u00bb theme_builder_area=\u00bbpost_content\u00bb][et_pb_column type=\u00bb1_3&#8243; _builder_version=\u00bb4.19.1&#8243; _module_preset=\u00bbdefault\u00bb global_colors_info=\u00bb{}\u00bb theme_builder_area=\u00bbpost_content\u00bb][et_pb_text _builder_version=\u00bb4.24.2&#8243; _module_preset=\u00bbee4c6435-13af-4488-b765-2d22df63b134&#8243; header_3_text_color=\u00bb#FFFFFF\u00bb custom_margin=\u00bb||0px||false|false\u00bb global_colors_info=\u00bb{}\u00bb theme_builder_area=\u00bbpost_content\u00bb]<h3>Ra\u00fal G. Salgado Arquitecto<\/h3>[\/et_pb_text][et_pb_text _builder_version=\u00bb4.24.1&#8243; _module_preset=\u00bb9351de7a-51eb-4b00-a9a5-75b91fe38c73&#8243; text_text_color=\u00bb#FFFFFF\u00bb global_colors_info=\u00bb{}\u00bb theme_builder_area=\u00bbpost_content\u00bb]<p><span>Ofrecemos servicios completos de dise\u00f1o arquitect\u00f3nico y gesti\u00f3n de proyectos desde el concepto inicial hasta la finalizaci\u00f3n de la construcci\u00f3n. Esto significa que nos encargamos de todos los aspectos del proyecto, incluyendo el dise\u00f1o, la planificaci\u00f3n, la coordinaci\u00f3n de contratistas y proveedores, la obtenci\u00f3n de permisos y licencias, y la supervisi\u00f3n de la construcci\u00f3n.<\/span><\/p>[\/et_pb_text][\/et_pb_column][et_pb_column type=\u00bb1_3&#8243; _builder_version=\u00bb4.19.1&#8243; _module_preset=\u00bbdefault\u00bb global_colors_info=\u00bb{}\u00bb theme_builder_area=\u00bbpost_content\u00bb][et_pb_text _builder_version=\u00bb4.24.2&#8243; _module_preset=\u00bb9dd0da93-41bb-4d5a-8ffe-99dd2d76834b\u00bb header_4_text_color=\u00bb#FFFFFF\u00bb custom_margin=\u00bb||11px|||\u00bb custom_padding=\u00bb10px||||false|false\u00bb border_color_all=\u00bbrgba(255,255,255,0.2)\u00bb border_width_top=\u00bb1px\u00bb global_colors_info=\u00bb{}\u00bb theme_builder_area=\u00bbpost_content\u00bb]<h4>Secciones<\/h4>[\/et_pb_text][et_pb_menu active_link_color=\u00bb#FFFFFF\u00bb _builder_version=\u00bb4.25.2&#8243; _module_preset=\u00bbdefault\u00bb background_color=\u00bbRGBA(255,255,255,0)\u00bb background_layout=\u00bbdark\u00bb global_colors_info=\u00bb{}\u00bb theme_builder_area=\u00bbpost_content\u00bb][\/et_pb_menu][et_pb_blurb title=\u00bbinfo@salgadoarchitect.com\u00bb use_icon=\u00bbon\u00bb font_icon=\u00bb&#xe076;||divi||400&#8243; icon_color=\u00bb#FFFFFF\u00bb icon_placement=\u00bbleft\u00bb image_icon_width=\u00bb20px\u00bb _builder_version=\u00bb4.24.2&#8243; _module_preset=\u00bbdefault\u00bb header_text_color=\u00bb#FFFFFF\u00bb header_font_size=\u00bb16px\u00bb global_colors_info=\u00bb{}\u00bb theme_builder_area=\u00bbpost_content\u00bb][\/et_pb_blurb][et_pb_blurb title=\u00bb620 070 182&#8243; use_icon=\u00bbon\u00bb font_icon=\u00bb&#xe090;||divi||400&#8243; icon_color=\u00bb#FFFFFF\u00bb icon_placement=\u00bbleft\u00bb image_icon_width=\u00bb20px\u00bb _builder_version=\u00bb4.24.2&#8243; _module_preset=\u00bbdefault\u00bb header_text_color=\u00bb#FFFFFF\u00bb header_font_size=\u00bb16px\u00bb global_colors_info=\u00bb{}\u00bb theme_builder_area=\u00bbpost_content\u00bb][\/et_pb_blurb][et_pb_social_media_follow _builder_version=\u00bb4.24.1&#8243; _module_preset=\u00bbdefault\u00bb custom_margin=\u00bb30px||||false|false\u00bb global_colors_info=\u00bb{}\u00bb theme_builder_area=\u00bbpost_content\u00bb][et_pb_social_media_follow_network social_network=\u00bbfacebook\u00bb _builder_version=\u00bb4.19.1&#8243; _module_preset=\u00bbdefault\u00bb global_colors_info=\u00bb{}\u00bb theme_builder_area=\u00bbpost_content\u00bb follow_button=\u00bboff\u00bb url_new_window=\u00bbon\u00bb]facebook[\/et_pb_social_media_follow_network][et_pb_social_media_follow_network social_network=\u00bbinstagram\u00bb _builder_version=\u00bb4.24.1&#8243; _module_preset=\u00bbdefault\u00bb global_colors_info=\u00bb{}\u00bb theme_builder_area=\u00bbpost_content\u00bb follow_button=\u00bboff\u00bb url_new_window=\u00bbon\u00bb]instagram[\/et_pb_social_media_follow_network][et_pb_social_media_follow_network social_network=\u00bblinkedin\u00bb _builder_version=\u00bb4.24.1&#8243; _module_preset=\u00bbdefault\u00bb background_color=\u00bbRGBA(255,255,255,0)\u00bb background_enable_color=\u00bbon\u00bb global_colors_info=\u00bb{}\u00bb theme_builder_area=\u00bbpost_content\u00bb follow_button=\u00bboff\u00bb url_new_window=\u00bbon\u00bb]linkedin[\/et_pb_social_media_follow_network][\/et_pb_social_media_follow][\/et_pb_column][et_pb_column type=\u00bb1_3&#8243; _builder_version=\u00bb4.19.1&#8243; _module_preset=\u00bbdefault\u00bb global_colors_info=\u00bb{}\u00bb theme_builder_area=\u00bbpost_content\u00bb][et_pb_image src=\u00bbhttps:\/\/arquitectospain.com\/wp-content\/uploads\/2024\/02\/ES-Financiado-por-la-Uni\u0e02n-Europea_WHITE-Outline.png\u00bb title_text=\u00bbES Financiado por la Uni\u0e02n Europea_WHITE Outline\u00bb _builder_version=\u00bb4.25.2&#8243; _module_preset=\u00bbdefault\u00bb max_width=\u00bb60%\u00bb custom_margin=\u00bb||14px|||\u00bb global_colors_info=\u00bb{}\u00bb theme_builder_area=\u00bbpost_content\u00bb][\/et_pb_image][et_pb_image src=\u00bbhttps:\/\/arquitectospain.com\/wp-content\/uploads\/2024\/02\/LOGO-NEGATIVO.png\u00bb title_text=\u00bbLOGO NEGATIVO\u00bb _builder_version=\u00bb4.25.2&#8243; _module_preset=\u00bbdefault\u00bb max_width=\u00bb60%\u00bb global_colors_info=\u00bb{}\u00bb theme_builder_area=\u00bbpost_content\u00bb][\/et_pb_image][\/et_pb_column][\/et_pb_row][\/et_pb_section]\n","protected":false},"excerpt":{"rendered":"<p>AVISO LEGAL Condiciones generales Este sitio web es propiedad de Ra\u00fal Gutierrez Salgado. El domicilio del sitio web a efectos de notificaciones y comunicaciones de cualquier tipo es: arquitectospain.com y la direcci\u00f3n electr\u00f3nica info@salgadoarchitect.com El uso del sitio Web implica la plena aceptaci\u00f3n de las condiciones aqu\u00ed expuestas, sin perjuicio de aquellas particulares que pudieran [&hellip;]<\/p>\n","protected":false},"author":1,"featured_media":0,"parent":0,"menu_order":0,"comment_status":"closed","ping_status":"closed","template":"","meta":{"_et_pb_use_builder":"on","_et_pb_old_content":"<!-- wp:divi\/placeholder \/-->","_et_gb_content_width":"","footnotes":""},"class_list":["post-250","page","type-page","status-publish","hentry"],"yoast_head":"<!-- This site is optimized with the Yoast SEO plugin v27.4 - https:\/\/yoast.com\/product\/yoast-seo-wordpress\/ -->\n<title>Aviso Legal - Arquitecto Spain<\/title>\n<meta name=\"robots\" content=\"noindex, follow\" \/>\n<meta property=\"og:locale\" content=\"es_ES\" \/>\n<meta property=\"og:type\" content=\"article\" \/>\n<meta property=\"og:title\" content=\"Aviso Legal - Arquitecto Spain\" \/>\n<meta property=\"og:description\" content=\"AVISO LEGAL Condiciones generales Este sitio web es propiedad de Ra\u00fal Gutierrez Salgado. El domicilio del sitio web a efectos de notificaciones y comunicaciones de cualquier tipo es: arquitectospain.com y la direcci\u00f3n electr\u00f3nica info@salgadoarchitect.com El uso del sitio Web implica la plena aceptaci\u00f3n de las condiciones aqu\u00ed expuestas, sin perjuicio de aquellas particulares que pudieran [&hellip;]\" \/>\n<meta property=\"og:url\" content=\"https:\/\/arquitectospain.com\/index.php\/aviso-legal\/\" \/>\n<meta property=\"og:site_name\" content=\"Arquitecto Spain\" \/>\n<meta property=\"article:modified_time\" content=\"2025-05-13T12:16:06+00:00\" \/>\n<meta name=\"twitter:card\" content=\"summary_large_image\" \/>\n<meta name=\"twitter:label1\" content=\"Tiempo de lectura\" \/>\n\t<meta name=\"twitter:data1\" content=\"8 minutos\" \/>\n<script type=\"application\/ld+json\" class=\"yoast-schema-graph\">{\"@context\":\"https:\\\/\\\/schema.org\",\"@graph\":[{\"@type\":\"WebPage\",\"@id\":\"https:\\\/\\\/arquitectospain.com\\\/index.php\\\/aviso-legal\\\/\",\"url\":\"https:\\\/\\\/arquitectospain.com\\\/index.php\\\/aviso-legal\\\/\",\"name\":\"Aviso Legal - Arquitecto Spain\",\"isPartOf\":{\"@id\":\"https:\\\/\\\/arquitectospain.com\\\/#website\"},\"datePublished\":\"2024-03-19T12:11:13+00:00\",\"dateModified\":\"2025-05-13T12:16:06+00:00\",\"breadcrumb\":{\"@id\":\"https:\\\/\\\/arquitectospain.com\\\/index.php\\\/aviso-legal\\\/#breadcrumb\"},\"inLanguage\":\"es\",\"potentialAction\":[{\"@type\":\"ReadAction\",\"target\":[\"https:\\\/\\\/arquitectospain.com\\\/index.php\\\/aviso-legal\\\/\"]}]},{\"@type\":\"BreadcrumbList\",\"@id\":\"https:\\\/\\\/arquitectospain.com\\\/index.php\\\/aviso-legal\\\/#breadcrumb\",\"itemListElement\":[{\"@type\":\"ListItem\",\"position\":1,\"name\":\"Portada\",\"item\":\"https:\\\/\\\/arquitectospain.com\\\/\"},{\"@type\":\"ListItem\",\"position\":2,\"name\":\"Aviso Legal\"}]},{\"@type\":\"WebSite\",\"@id\":\"https:\\\/\\\/arquitectospain.com\\\/#website\",\"url\":\"https:\\\/\\\/arquitectospain.com\\\/\",\"name\":\"Arquitecto Spain\",\"description\":\"Arquitecto Ra\u00fal G. Salgado\",\"potentialAction\":[{\"@type\":\"SearchAction\",\"target\":{\"@type\":\"EntryPoint\",\"urlTemplate\":\"https:\\\/\\\/arquitectospain.com\\\/?s={search_term_string}\"},\"query-input\":{\"@type\":\"PropertyValueSpecification\",\"valueRequired\":true,\"valueName\":\"search_term_string\"}}],\"inLanguage\":\"es\"}]}<\/script>\n<!-- \/ Yoast SEO plugin. -->","yoast_head_json":{"title":"Aviso Legal - Arquitecto Spain","robots":{"index":"noindex","follow":"follow"},"og_locale":"es_ES","og_type":"article","og_title":"Aviso Legal - Arquitecto Spain","og_description":"AVISO LEGAL Condiciones generales Este sitio web es propiedad de Ra\u00fal Gutierrez Salgado. El domicilio del sitio web a efectos de notificaciones y comunicaciones de cualquier tipo es: arquitectospain.com y la direcci\u00f3n electr\u00f3nica info@salgadoarchitect.com El uso del sitio Web implica la plena aceptaci\u00f3n de las condiciones aqu\u00ed expuestas, sin perjuicio de aquellas particulares que pudieran [&hellip;]","og_url":"https:\/\/arquitectospain.com\/index.php\/aviso-legal\/","og_site_name":"Arquitecto Spain","article_modified_time":"2025-05-13T12:16:06+00:00","twitter_card":"summary_large_image","twitter_misc":{"Tiempo de lectura":"8 minutos"},"schema":{"@context":"https:\/\/schema.org","@graph":[{"@type":"WebPage","@id":"https:\/\/arquitectospain.com\/index.php\/aviso-legal\/","url":"https:\/\/arquitectospain.com\/index.php\/aviso-legal\/","name":"Aviso Legal - Arquitecto Spain","isPartOf":{"@id":"https:\/\/arquitectospain.com\/#website"},"datePublished":"2024-03-19T12:11:13+00:00","dateModified":"2025-05-13T12:16:06+00:00","breadcrumb":{"@id":"https:\/\/arquitectospain.com\/index.php\/aviso-legal\/#breadcrumb"},"inLanguage":"es","potentialAction":[{"@type":"ReadAction","target":["https:\/\/arquitectospain.com\/index.php\/aviso-legal\/"]}]},{"@type":"BreadcrumbList","@id":"https:\/\/arquitectospain.com\/index.php\/aviso-legal\/#breadcrumb","itemListElement":[{"@type":"ListItem","position":1,"name":"Portada","item":"https:\/\/arquitectospain.com\/"},{"@type":"ListItem","position":2,"name":"Aviso Legal"}]},{"@type":"WebSite","@id":"https:\/\/arquitectospain.com\/#website","url":"https:\/\/arquitectospain.com\/","name":"Arquitecto Spain","description":"Arquitecto Ra\u00fal G. Salgado","potentialAction":[{"@type":"SearchAction","target":{"@type":"EntryPoint","urlTemplate":"https:\/\/arquitectospain.com\/?s={search_term_string}"},"query-input":{"@type":"PropertyValueSpecification","valueRequired":true,"valueName":"search_term_string"}}],"inLanguage":"es"}]}},"_links":{"self":[{"href":"https:\/\/arquitectospain.com\/index.php\/wp-json\/wp\/v2\/pages\/250","targetHints":{"allow":["GET"]}}],"collection":[{"href":"https:\/\/arquitectospain.com\/index.php\/wp-json\/wp\/v2\/pages"}],"about":[{"href":"https:\/\/arquitectospain.com\/index.php\/wp-json\/wp\/v2\/types\/page"}],"author":[{"embeddable":true,"href":"https:\/\/arquitectospain.com\/index.php\/wp-json\/wp\/v2\/users\/1"}],"replies":[{"embeddable":true,"href":"https:\/\/arquitectospain.com\/index.php\/wp-json\/wp\/v2\/comments?post=250"}],"version-history":[{"count":5,"href":"https:\/\/arquitectospain.com\/index.php\/wp-json\/wp\/v2\/pages\/250\/revisions"}],"predecessor-version":[{"id":1986,"href":"https:\/\/arquitectospain.com\/index.php\/wp-json\/wp\/v2\/pages\/250\/revisions\/1986"}],"wp:attachment":[{"href":"https:\/\/arquitectospain.com\/index.php\/wp-json\/wp\/v2\/media?parent=250"}],"curies":[{"name":"wp","href":"https:\/\/api.w.org\/{rel}","templated":true}]}}